{"id":1461,"date":"2026-01-17T12:39:04","date_gmt":"2026-01-17T15:39:04","guid":{"rendered":"https:\/\/portfolio.kaualucio.com\/atlas-prime\/?page_id=1461"},"modified":"2026-01-19T19:09:46","modified_gmt":"2026-01-19T22:09:46","slug":"contato","status":"publish","type":"page","link":"https:\/\/portfolio.kaualucio.com\/atlas-prime\/contato\/","title":{"rendered":"Contato"},"content":{"rendered":"\t\t<div data-elementor-type=\"wp-page\" data-elementor-id=\"1461\" class=\"elementor elementor-1461\" data-elementor-post-type=\"page\">\n\t\t\t\t<div class=\"elementor-element elementor-element-74f408a e-flex e-con-boxed e-con e-parent\" data-id=\"74f408a\" data-element_type=\"container\" data-e-type=\"container\">\n\t\t\t\t\t<div class=\"e-con-inner\">\n\t\t<div class=\"elementor-element elementor-element-97e770c e-con-full e-flex e-con e-child\" data-id=\"97e770c\" data-element_type=\"container\" data-e-type=\"container\">\n\t\t\t\t<div class=\"elementor-element elementor-element-564c717 elementor-widget elementor-widget-heading\" data-id=\"564c717\" data-element_type=\"widget\" data-e-type=\"widget\" data-widget_type=\"heading.default\">\n\t\t\t\t<div class=\"elementor-widget-container\">\n\t\t\t\t\t<h2 class=\"elementor-heading-title elementor-size-default\">Precisando de ajuda?<\/h2>\t\t\t\t<\/div>\n\t\t\t\t<\/div>\n\t\t\t\t<div class=\"elementor-element elementor-element-2ea3ddf elementor-widget elementor-widget-text-editor\" data-id=\"2ea3ddf\" data-element_type=\"widget\" data-e-type=\"widget\" data-widget_type=\"text-editor.default\">\n\t\t\t\t<div class=\"elementor-widget-container\">\n\t\t\t\t\t\t\t\t\t<p>Nosso time est\u00e1 pronto para responder todas as suas d\u00favidas. Entre em contato pelo formul\u00e1rio ou por algum dos nossos canais de atendimento.<\/p>\t\t\t\t\t\t\t\t<\/div>\n\t\t\t\t<\/div>\n\t\t\t\t<div class=\"elementor-element elementor-element-86c744f elementor-icon-list--layout-traditional elementor-list-item-link-full_width elementor-widget elementor-widget-icon-list\" data-id=\"86c744f\" data-element_type=\"widget\" data-e-type=\"widget\" data-widget_type=\"icon-list.default\">\n\t\t\t\t<div class=\"elementor-widget-container\">\n\t\t\t\t\t\t\t<ul class=\"elementor-icon-list-items\">\n\t\t\t\t\t\t\t<li class=\"elementor-icon-list-item\">\n\t\t\t\t\t\t\t\t\t\t\t<span class=\"elementor-icon-list-icon\">\n\t\t\t\t\t\t\t<svg xmlns=\"http:\/\/www.w3.org\/2000\/svg\" width=\"32\" height=\"32\" fill=\"none\" viewBox=\"0 0 32 32\"><path stroke=\"#E96824\" stroke-linecap=\"round\" stroke-linejoin=\"round\" stroke-width=\"2.5\" d=\"M18.443 22.09a1.333 1.333 0 0 0 1.617-.404l.473-.62A2.666 2.666 0 0 1 22.667 20h4a2.667 2.667 0 0 1 2.666 2.666v4a2.667 2.667 0 0 1-2.666 2.667 24 24 0 0 1-24-24 2.667 2.667 0 0 1 2.666-2.667h4A2.667 2.667 0 0 1 12 5.333v4a2.666 2.666 0 0 1-1.067 2.133l-.624.469a1.333 1.333 0 0 0-.389 1.643 18.667 18.667 0 0 0 8.523 8.512Z\"><\/path><\/svg>\t\t\t\t\t\t<\/span>\n\t\t\t\t\t\t\t\t\t\t<span class=\"elementor-icon-list-text\">(84) 9 8899-5566<\/span>\n\t\t\t\t\t\t\t\t\t<\/li>\n\t\t\t\t\t\t\t\t<li class=\"elementor-icon-list-item\">\n\t\t\t\t\t\t\t\t\t\t\t<span class=\"elementor-icon-list-icon\">\n\t\t\t\t\t\t\t<svg xmlns=\"http:\/\/www.w3.org\/2000\/svg\" width=\"32\" height=\"32\" fill=\"none\" viewBox=\"0 0 32 32\"><path fill=\"#E96824\" d=\"M10.4 2.667h11.2a7.739 7.739 0 0 1 7.733 7.733v11.2a7.734 7.734 0 0 1-7.733 7.733H10.4A7.739 7.739 0 0 1 2.667 21.6V10.4A7.733 7.733 0 0 1 10.4 2.666Zm-.267 2.666a4.8 4.8 0 0 0-4.8 4.8v11.733c0 2.654 2.147 4.8 4.8 4.8h11.734a4.8 4.8 0 0 0 4.8-4.8V10.133c0-2.653-2.147-4.8-4.8-4.8H10.133Zm12.867 2a1.667 1.667 0 1 1 0 3.334 1.667 1.667 0 0 1 0-3.334Zm-7 2a6.666 6.666 0 1 1 0 13.333 6.666 6.666 0 0 1 0-13.333ZM16 12a4 4 0 1 0 0 8 4 4 0 0 0 0-8Z\"><\/path><\/svg>\t\t\t\t\t\t<\/span>\n\t\t\t\t\t\t\t\t\t\t<span class=\"elementor-icon-list-text\">@atlasprime<\/span>\n\t\t\t\t\t\t\t\t\t<\/li>\n\t\t\t\t\t\t\t\t<li class=\"elementor-icon-list-item\">\n\t\t\t\t\t\t\t\t\t\t\t<span class=\"elementor-icon-list-icon\">\n\t\t\t\t\t\t\t<svg xmlns=\"http:\/\/www.w3.org\/2000\/svg\" width=\"32\" height=\"32\" fill=\"none\" viewBox=\"0 0 32 32\"><path stroke=\"#E96824\" stroke-linecap=\"round\" stroke-linejoin=\"round\" stroke-width=\"2.5\" d=\"M29.333 9.334 17.345 16.97a2.666 2.666 0 0 1-2.678 0l-12-7.636\"><\/path><path stroke=\"#E96824\" stroke-linecap=\"round\" stroke-linejoin=\"round\" stroke-width=\"2.5\" d=\"M26.667 5.333H5.333A2.667 2.667 0 0 0 2.667 8v16a2.667 2.667 0 0 0 2.666 2.667h21.334A2.667 2.667 0 0 0 29.333 24V8a2.667 2.667 0 0 0-2.666-2.667Z\"><\/path><\/svg>\t\t\t\t\t\t<\/span>\n\t\t\t\t\t\t\t\t\t\t<span class=\"elementor-icon-list-text\">contato@atlasprime.com.br<\/span>\n\t\t\t\t\t\t\t\t\t<\/li>\n\t\t\t\t\t\t<\/ul>\n\t\t\t\t\t\t<\/div>\n\t\t\t\t<\/div>\n\t\t<div class=\"elementor-element elementor-element-26829d2 e-grid e-con-full elementor-hidden-mobile e-con e-child\" data-id=\"26829d2\" data-element_type=\"container\" data-e-type=\"container\">\n\t\t<div class=\"elementor-element elementor-element-87ff99e e-con-full e-flex e-con e-child\" data-id=\"87ff99e\" data-element_type=\"container\" data-e-type=\"container\">\n\t\t\t\t<div class=\"elementor-element elementor-element-95d90e6 elementor-view-default elementor-widget elementor-widget-icon\" data-id=\"95d90e6\" data-element_type=\"widget\" data-e-type=\"widget\" data-widget_type=\"icon.default\">\n\t\t\t\t<div class=\"elementor-widget-container\">\n\t\t\t\t\t\t\t<div class=\"elementor-icon-wrapper\">\n\t\t\t<div class=\"elementor-icon\">\n\t\t\t<i aria-hidden=\"true\" class=\"fab fa-whatsapp\"><\/i>\t\t\t<\/div>\n\t\t<\/div>\n\t\t\t\t\t\t<\/div>\n\t\t\t\t<\/div>\n\t\t\t\t<div class=\"elementor-element elementor-element-54398e3 elementor-widget elementor-widget-heading\" data-id=\"54398e3\" data-element_type=\"widget\" data-e-type=\"widget\" data-widget_type=\"heading.default\">\n\t\t\t\t<div class=\"elementor-widget-container\">\n\t\t\t\t\t<p class=\"elementor-heading-title elementor-size-default\">Whatsapp 1<\/p>\t\t\t\t<\/div>\n\t\t\t\t<\/div>\n\t\t\t\t<div class=\"elementor-element elementor-element-9a07492 elementor-widget elementor-widget-heading\" data-id=\"9a07492\" data-element_type=\"widget\" data-e-type=\"widget\" data-widget_type=\"heading.default\">\n\t\t\t\t<div class=\"elementor-widget-container\">\n\t\t\t\t\t<p class=\"elementor-heading-title elementor-size-default\">(84) 9 1212-3020<\/p>\t\t\t\t<\/div>\n\t\t\t\t<\/div>\n\t\t\t\t<\/div>\n\t\t<div class=\"elementor-element elementor-element-fe48599 e-con-full e-flex e-con e-child\" data-id=\"fe48599\" data-element_type=\"container\" data-e-type=\"container\">\n\t\t\t\t<div class=\"elementor-element elementor-element-7950a4b elementor-view-default elementor-widget elementor-widget-icon\" data-id=\"7950a4b\" data-element_type=\"widget\" data-e-type=\"widget\" data-widget_type=\"icon.default\">\n\t\t\t\t<div class=\"elementor-widget-container\">\n\t\t\t\t\t\t\t<div class=\"elementor-icon-wrapper\">\n\t\t\t<div class=\"elementor-icon\">\n\t\t\t<i aria-hidden=\"true\" class=\"fab fa-whatsapp\"><\/i>\t\t\t<\/div>\n\t\t<\/div>\n\t\t\t\t\t\t<\/div>\n\t\t\t\t<\/div>\n\t\t\t\t<div class=\"elementor-element elementor-element-989dcbc elementor-widget elementor-widget-heading\" data-id=\"989dcbc\" data-element_type=\"widget\" data-e-type=\"widget\" data-widget_type=\"heading.default\">\n\t\t\t\t<div class=\"elementor-widget-container\">\n\t\t\t\t\t<p class=\"elementor-heading-title elementor-size-default\">Whatsapp 2<\/p>\t\t\t\t<\/div>\n\t\t\t\t<\/div>\n\t\t\t\t<div class=\"elementor-element elementor-element-4fa4072 elementor-widget elementor-widget-heading\" data-id=\"4fa4072\" data-element_type=\"widget\" data-e-type=\"widget\" data-widget_type=\"heading.default\">\n\t\t\t\t<div class=\"elementor-widget-container\">\n\t\t\t\t\t<p class=\"elementor-heading-title elementor-size-default\">(84) 9 5120-3330<\/p>\t\t\t\t<\/div>\n\t\t\t\t<\/div>\n\t\t\t\t<\/div>\n\t\t\t\t<\/div>\n\t\t\t\t<\/div>\n\t\t<div class=\"elementor-element elementor-element-3acc6d6 e-con-full e-flex e-con e-child\" data-id=\"3acc6d6\" data-element_type=\"container\" data-e-type=\"container\">\n\t\t<div class=\"elementor-element elementor-element-e221b9f e-con-full e-flex e-con e-child\" data-id=\"e221b9f\" data-element_type=\"container\" data-e-type=\"container\" data-settings=\"{&quot;background_background&quot;:&quot;classic&quot;}\">\n\t\t\t\t<div class=\"elementor-element elementor-element-43de238 elementor-button-align-stretch elementor-widget elementor-widget-form\" data-id=\"43de238\" data-element_type=\"widget\" data-e-type=\"widget\" data-settings=\"{&quot;step_next_label&quot;:&quot;Next&quot;,&quot;step_previous_label&quot;:&quot;Previous&quot;,&quot;button_width&quot;:&quot;100&quot;,&quot;step_type&quot;:&quot;number_text&quot;,&quot;step_icon_shape&quot;:&quot;circle&quot;}\" data-widget_type=\"form.default\">\n\t\t\t\t<div class=\"elementor-widget-container\">\n\t\t\t\t\t\t\t<form class=\"elementor-form\" method=\"post\" name=\"New Form\" aria-label=\"New Form\">\n\t\t\t<input type=\"hidden\" name=\"post_id\" value=\"1461\"\/>\n\t\t\t<input type=\"hidden\" name=\"form_id\" value=\"43de238\"\/>\n\t\t\t<input type=\"hidden\" name=\"referer_title\" value=\"Contato | Atlas Prime Imobili\u00e1ria | Compra, Venda e Aluguel de Im\u00f3veis\" \/>\n\n\t\t\t\t\t\t\t<input type=\"hidden\" name=\"queried_id\" value=\"1461\"\/>\n\t\t\t\n\t\t\t<div class=\"elementor-form-fields-wrapper elementor-labels-\">\n\t\t\t\t\t\t\t\t<div class=\"elementor-field-type-text elementor-field-group elementor-column elementor-field-group-name elementor-col-100\">\n\t\t\t\t\t\t\t\t\t\t\t\t<label for=\"form-field-name\" class=\"elementor-field-label elementor-screen-only\">\n\t\t\t\t\t\t\t\tName\t\t\t\t\t\t\t<\/label>\n\t\t\t\t\t\t\t\t\t\t\t\t\t\t<input size=\"1\" type=\"text\" name=\"form_fields[name]\" id=\"form-field-name\" class=\"elementor-field elementor-size-sm  elementor-field-textual\" placeholder=\"Name\">\n\t\t\t\t\t\t\t\t\t\t\t<\/div>\n\t\t\t\t\t\t\t\t<div class=\"elementor-field-type-email elementor-field-group elementor-column elementor-field-group-email elementor-col-100 elementor-field-required\">\n\t\t\t\t\t\t\t\t\t\t\t\t<label for=\"form-field-email\" class=\"elementor-field-label elementor-screen-only\">\n\t\t\t\t\t\t\t\tEmail\t\t\t\t\t\t\t<\/label>\n\t\t\t\t\t\t\t\t\t\t\t\t\t\t<input size=\"1\" type=\"email\" name=\"form_fields[email]\" id=\"form-field-email\" class=\"elementor-field elementor-size-sm  elementor-field-textual\" placeholder=\"Email\" required=\"required\">\n\t\t\t\t\t\t\t\t\t\t\t<\/div>\n\t\t\t\t\t\t\t\t<div class=\"elementor-field-type-tel elementor-field-group elementor-column elementor-field-group-field_befc5db elementor-col-100 elementor-field-required\">\n\t\t\t\t\t\t\t\t\t\t\t\t<label for=\"form-field-field_befc5db\" class=\"elementor-field-label elementor-screen-only\">\n\t\t\t\t\t\t\t\tWhatsapp\t\t\t\t\t\t\t<\/label>\n\t\t\t\t\t\t\t\t<input size=\"1\" type=\"tel\" name=\"form_fields[field_befc5db]\" id=\"form-field-field_befc5db\" class=\"elementor-field elementor-size-sm  elementor-field-textual\" placeholder=\"Whatsapp\" required=\"required\" pattern=\"[0-9()#&amp;+*-=.]+\" title=\"Only numbers and phone characters (#, -, *, etc) are accepted.\">\n\n\t\t\t\t\t\t<\/div>\n\t\t\t\t\t\t\t\t<div class=\"elementor-field-type-select elementor-field-group elementor-column elementor-field-group-field_ad7add2 elementor-col-100 elementor-field-required\">\n\t\t\t\t\t\t\t\t\t\t\t\t<label for=\"form-field-field_ad7add2\" class=\"elementor-field-label elementor-screen-only\">\n\t\t\t\t\t\t\t\tWhatsapp\t\t\t\t\t\t\t<\/label>\n\t\t\t\t\t\t\t\t<div class=\"elementor-field elementor-select-wrapper remove-before \">\n\t\t\t<div class=\"select-caret-down-wrapper\">\n\t\t\t\t<i aria-hidden=\"true\" class=\"eicon-caret-down\"><\/i>\t\t\t<\/div>\n\t\t\t<select name=\"form_fields[field_ad7add2]\" id=\"form-field-field_ad7add2\" class=\"elementor-field-textual elementor-size-sm\" required=\"required\">\n\t\t\t\t\t\t\t\t\t<option value=\"Selecione uma op\u00e7\u00e3o\">Selecione uma op\u00e7\u00e3o<\/option>\n\t\t\t\t\t\t\t\t\t<option value=\"buy\">Comprar Im\u00f3vel<\/option>\n\t\t\t\t\t\t\t\t\t<option value=\"sell\">Vender Im\u00f3vel<\/option>\n\t\t\t\t\t\t\t\t\t<option value=\"other\">Outro<\/option>\n\t\t\t\t\t\t\t<\/select>\n\t\t<\/div>\n\t\t\t\t\t\t<\/div>\n\t\t\t\t\t\t\t\t<div class=\"elementor-field-type-textarea elementor-field-group elementor-column elementor-field-group-message elementor-col-100\">\n\t\t\t\t\t\t\t\t\t\t\t\t<label for=\"form-field-message\" class=\"elementor-field-label elementor-screen-only\">\n\t\t\t\t\t\t\t\tMessage\t\t\t\t\t\t\t<\/label>\n\t\t\t\t\t\t<textarea class=\"elementor-field-textual elementor-field  elementor-size-sm\" name=\"form_fields[message]\" id=\"form-field-message\" rows=\"4\" placeholder=\"Message\"><\/textarea>\t\t\t\t<\/div>\n\t\t\t\t\t\t\t\t<div class=\"elementor-field-group elementor-column elementor-field-type-submit elementor-col-100 e-form__buttons\">\n\t\t\t\t\t<button class=\"elementor-button elementor-size-sm\" type=\"submit\">\n\t\t\t\t\t\t<span class=\"elementor-button-content-wrapper\">\n\t\t\t\t\t\t\t\t\t\t\t\t\t\t\t\t\t\t\t\t\t\t<span class=\"elementor-button-text\">Enviar informa\u00e7\u00f5es<\/span>\n\t\t\t\t\t\t\t\t\t\t\t\t\t<\/span>\n\t\t\t\t\t<\/button>\n\t\t\t\t<\/div>\n\t\t\t<\/div>\n\t\t<\/form>\n\t\t\t\t\t\t<\/div>\n\t\t\t\t<\/div>\n\t\t\t\t<\/div>\n\t\t<div class=\"elementor-element elementor-element-b417370 e-grid e-con-full elementor-hidden-desktop elementor-hidden-tablet e-con e-child\" data-id=\"b417370\" data-element_type=\"container\" data-e-type=\"container\">\n\t\t<div class=\"elementor-element elementor-element-365aff3 e-con-full e-flex e-con e-child\" data-id=\"365aff3\" data-element_type=\"container\" data-e-type=\"container\">\n\t\t\t\t<div class=\"elementor-element elementor-element-a48ea25 elementor-view-default elementor-widget elementor-widget-icon\" data-id=\"a48ea25\" data-element_type=\"widget\" data-e-type=\"widget\" data-widget_type=\"icon.default\">\n\t\t\t\t<div class=\"elementor-widget-container\">\n\t\t\t\t\t\t\t<div class=\"elementor-icon-wrapper\">\n\t\t\t<div class=\"elementor-icon\">\n\t\t\t<i aria-hidden=\"true\" class=\"fab fa-whatsapp\"><\/i>\t\t\t<\/div>\n\t\t<\/div>\n\t\t\t\t\t\t<\/div>\n\t\t\t\t<\/div>\n\t\t\t\t<div class=\"elementor-element elementor-element-8ae4144 elementor-widget elementor-widget-heading\" data-id=\"8ae4144\" data-element_type=\"widget\" data-e-type=\"widget\" data-widget_type=\"heading.default\">\n\t\t\t\t<div class=\"elementor-widget-container\">\n\t\t\t\t\t<p class=\"elementor-heading-title elementor-size-default\">Whatsapp 1<\/p>\t\t\t\t<\/div>\n\t\t\t\t<\/div>\n\t\t\t\t<div class=\"elementor-element elementor-element-38fd32a elementor-widget elementor-widget-heading\" data-id=\"38fd32a\" data-element_type=\"widget\" data-e-type=\"widget\" data-widget_type=\"heading.default\">\n\t\t\t\t<div class=\"elementor-widget-container\">\n\t\t\t\t\t<p class=\"elementor-heading-title elementor-size-default\">(84) 9 1212-3020<\/p>\t\t\t\t<\/div>\n\t\t\t\t<\/div>\n\t\t\t\t<\/div>\n\t\t<div class=\"elementor-element elementor-element-9803ac2 e-con-full e-flex e-con e-child\" data-id=\"9803ac2\" data-element_type=\"container\" data-e-type=\"container\">\n\t\t\t\t<div class=\"elementor-element elementor-element-aff338d elementor-view-default elementor-widget elementor-widget-icon\" data-id=\"aff338d\" data-element_type=\"widget\" data-e-type=\"widget\" data-widget_type=\"icon.default\">\n\t\t\t\t<div class=\"elementor-widget-container\">\n\t\t\t\t\t\t\t<div class=\"elementor-icon-wrapper\">\n\t\t\t<div class=\"elementor-icon\">\n\t\t\t<i aria-hidden=\"true\" class=\"fab fa-whatsapp\"><\/i>\t\t\t<\/div>\n\t\t<\/div>\n\t\t\t\t\t\t<\/div>\n\t\t\t\t<\/div>\n\t\t\t\t<div class=\"elementor-element elementor-element-8465726 elementor-widget elementor-widget-heading\" data-id=\"8465726\" data-element_type=\"widget\" data-e-type=\"widget\" data-widget_type=\"heading.default\">\n\t\t\t\t<div class=\"elementor-widget-container\">\n\t\t\t\t\t<p class=\"elementor-heading-title elementor-size-default\">Whatsapp 2<\/p>\t\t\t\t<\/div>\n\t\t\t\t<\/div>\n\t\t\t\t<div class=\"elementor-element elementor-element-5241cef elementor-widget elementor-widget-heading\" data-id=\"5241cef\" data-element_type=\"widget\" data-e-type=\"widget\" data-widget_type=\"heading.default\">\n\t\t\t\t<div class=\"elementor-widget-container\">\n\t\t\t\t\t<p class=\"elementor-heading-title elementor-size-default\">(84) 9 5120-3330<\/p>\t\t\t\t<\/div>\n\t\t\t\t<\/div>\n\t\t\t\t<\/div>\n\t\t\t\t<\/div>\n\t\t\t\t<\/div>\n\t\t\t\t\t<\/div>\n\t\t\t\t<\/div>\n\t\t\t\t<\/div>\n\t\t","protected":false},"excerpt":{"rendered":"<p>Precisando de ajuda? Nosso time est\u00e1 pronto para responder todas as suas d\u00favidas. Entre em contato pelo formul\u00e1rio ou por algum dos nossos canais de atendimento. (84) 9 8899-5566 @atlasprime contato@atlasprime.com.br Whatsapp 1 (84) 9 1212-3020 Whatsapp 2 (84) 9 5120-3330 Whatsapp 1 (84) 9 1212-3020 Whatsapp 2 (84) 9 5120-3330<\/p>\n","protected":false},"author":1,"featured_media":0,"parent":0,"menu_order":0,"comment_status":"closed","ping_status":"closed","template":"elementor_header_footer","meta":{"footnotes":""},"class_list":["post-1461","page","type-page","status-publish","hentry"],"yoast_head":"<!-- This site is optimized with the Yoast SEO Premium plugin v25.8 (Yoast SEO v27.2) - https:\/\/yoast.com\/product\/yoast-seo-premium-wordpress\/ -->\n<title>Contato | Atlas Prime Imobili\u00e1ria | Compra, Venda e Aluguel de Im\u00f3veis<\/title>\n<meta name=\"robots\" content=\"index, follow, max-snippet:-1, max-image-preview:large, max-video-preview:-1\" \/>\n<link rel=\"canonical\" href=\"https:\/\/portfolio.kaualucio.com\/atlas-prime\/contato\/\" \/>\n<meta property=\"og:locale\" content=\"pt_BR\" \/>\n<meta property=\"og:type\" content=\"article\" \/>\n<meta property=\"og:title\" content=\"Contato\" \/>\n<meta property=\"og:description\" content=\"Precisando de ajuda? Nosso time est\u00e1 pronto para responder todas as suas d\u00favidas. Entre em contato pelo formul\u00e1rio ou por algum dos nossos canais de atendimento. (84) 9 8899-5566 @atlasprime contato@atlasprime.com.br Whatsapp 1 (84) 9 1212-3020 Whatsapp 2 (84) 9 5120-3330 Whatsapp 1 (84) 9 1212-3020 Whatsapp 2 (84) 9 5120-3330\" \/>\n<meta property=\"og:url\" content=\"https:\/\/portfolio.kaualucio.com\/atlas-prime\/contato\/\" \/>\n<meta property=\"og:site_name\" content=\"Atlas Prime Imobili\u00e1ria | Compra, Venda e Aluguel de Im\u00f3veis\" \/>\n<meta property=\"article:modified_time\" content=\"2026-01-19T22:09:46+00:00\" \/>\n<meta name=\"twitter:card\" content=\"summary_large_image\" \/>\n<script type=\"application\/ld+json\" class=\"yoast-schema-graph\">{\"@context\":\"https:\/\/schema.org\",\"@graph\":[{\"@type\":\"WebPage\",\"@id\":\"https:\/\/portfolio.kaualucio.com\/atlas-prime\/contato\/\",\"url\":\"https:\/\/portfolio.kaualucio.com\/atlas-prime\/contato\/\",\"name\":\"Contato | Atlas Prime Imobili\u00e1ria | Compra, Venda e Aluguel de Im\u00f3veis\",\"isPartOf\":{\"@id\":\"https:\/\/portfolio.kaualucio.com\/atlas-prime\/#website\"},\"datePublished\":\"2026-01-17T15:39:04+00:00\",\"dateModified\":\"2026-01-19T22:09:46+00:00\",\"breadcrumb\":{\"@id\":\"https:\/\/portfolio.kaualucio.com\/atlas-prime\/contato\/#breadcrumb\"},\"inLanguage\":\"pt-BR\",\"potentialAction\":[{\"@type\":\"ReadAction\",\"target\":[\"https:\/\/portfolio.kaualucio.com\/atlas-prime\/contato\/\"]}]},{\"@type\":\"BreadcrumbList\",\"@id\":\"https:\/\/portfolio.kaualucio.com\/atlas-prime\/contato\/#breadcrumb\",\"itemListElement\":[{\"@type\":\"ListItem\",\"position\":1,\"name\":\"In\u00edcio\",\"item\":\"https:\/\/portfolio.kaualucio.com\/atlas-prime\/\"},{\"@type\":\"ListItem\",\"position\":2,\"name\":\"Contato\"}]},{\"@type\":\"WebSite\",\"@id\":\"https:\/\/portfolio.kaualucio.com\/atlas-prime\/#website\",\"url\":\"https:\/\/portfolio.kaualucio.com\/atlas-prime\/\",\"name\":\"Atlas Prime Imobili\u00e1ria | Compra, Venda e Aluguel de Im\u00f3veis\",\"description\":\"A Atlas Prime Imobili\u00e1ria ajuda voc\u00ea a comprar, vender ou alugar im\u00f3veis com seguran\u00e7a, transpar\u00eancia e atendimento personalizado. Encontre o im\u00f3vel ideal!\",\"publisher\":{\"@id\":\"https:\/\/portfolio.kaualucio.com\/atlas-prime\/#\/schema\/person\/16fa7a529b3ce2d22fd6d5a093fc7b41\"},\"alternateName\":\"Atlas Prime Imobili\u00e1ria\",\"potentialAction\":[{\"@type\":\"SearchAction\",\"target\":{\"@type\":\"EntryPoint\",\"urlTemplate\":\"https:\/\/portfolio.kaualucio.com\/atlas-prime\/?s={search_term_string}\"},\"query-input\":{\"@type\":\"PropertyValueSpecification\",\"valueRequired\":true,\"valueName\":\"search_term_string\"}}],\"inLanguage\":\"pt-BR\"},{\"@type\":[\"Person\",\"Organization\"],\"@id\":\"https:\/\/portfolio.kaualucio.com\/atlas-prime\/#\/schema\/person\/16fa7a529b3ce2d22fd6d5a093fc7b41\",\"name\":\"Kau\u00e3 L\u00facio\",\"image\":{\"@type\":\"ImageObject\",\"inLanguage\":\"pt-BR\",\"@id\":\"https:\/\/portfolio.kaualucio.com\/atlas-prime\/wp-content\/uploads\/2023\/08\/frame-35-modelo-wp.svg\",\"url\":\"https:\/\/portfolio.kaualucio.com\/atlas-prime\/wp-content\/uploads\/2023\/08\/frame-35-modelo-wp.svg\",\"contentUrl\":\"https:\/\/portfolio.kaualucio.com\/atlas-prime\/wp-content\/uploads\/2023\/08\/frame-35-modelo-wp.svg\",\"width\":218,\"height\":106,\"caption\":\"Kau\u00e3 L\u00facio\"},\"logo\":{\"@id\":\"https:\/\/portfolio.kaualucio.com\/atlas-prime\/wp-content\/uploads\/2023\/08\/frame-35-modelo-wp.svg\"},\"sameAs\":[\"https:\/\/portfolio.kaualucio.com\/atlas-prime\"]}]}<\/script>\n<!-- \/ Yoast SEO Premium plugin. -->","yoast_head_json":{"title":"Contato | Atlas Prime Imobili\u00e1ria | Compra, Venda e Aluguel de Im\u00f3veis","robots":{"index":"index","follow":"follow","max-snippet":"max-snippet:-1","max-image-preview":"max-image-preview:large","max-video-preview":"max-video-preview:-1"},"canonical":"https:\/\/portfolio.kaualucio.com\/atlas-prime\/contato\/","og_locale":"pt_BR","og_type":"article","og_title":"Contato","og_description":"Precisando de ajuda? Nosso time est\u00e1 pronto para responder todas as suas d\u00favidas. Entre em contato pelo formul\u00e1rio ou por algum dos nossos canais de atendimento. (84) 9 8899-5566 @atlasprime contato@atlasprime.com.br Whatsapp 1 (84) 9 1212-3020 Whatsapp 2 (84) 9 5120-3330 Whatsapp 1 (84) 9 1212-3020 Whatsapp 2 (84) 9 5120-3330","og_url":"https:\/\/portfolio.kaualucio.com\/atlas-prime\/contato\/","og_site_name":"Atlas Prime Imobili\u00e1ria | Compra, Venda e Aluguel de Im\u00f3veis","article_modified_time":"2026-01-19T22:09:46+00:00","twitter_card":"summary_large_image","schema":{"@context":"https:\/\/schema.org","@graph":[{"@type":"WebPage","@id":"https:\/\/portfolio.kaualucio.com\/atlas-prime\/contato\/","url":"https:\/\/portfolio.kaualucio.com\/atlas-prime\/contato\/","name":"Contato | Atlas Prime Imobili\u00e1ria | Compra, Venda e Aluguel de Im\u00f3veis","isPartOf":{"@id":"https:\/\/portfolio.kaualucio.com\/atlas-prime\/#website"},"datePublished":"2026-01-17T15:39:04+00:00","dateModified":"2026-01-19T22:09:46+00:00","breadcrumb":{"@id":"https:\/\/portfolio.kaualucio.com\/atlas-prime\/contato\/#breadcrumb"},"inLanguage":"pt-BR","potentialAction":[{"@type":"ReadAction","target":["https:\/\/portfolio.kaualucio.com\/atlas-prime\/contato\/"]}]},{"@type":"BreadcrumbList","@id":"https:\/\/portfolio.kaualucio.com\/atlas-prime\/contato\/#breadcrumb","itemListElement":[{"@type":"ListItem","position":1,"name":"In\u00edcio","item":"https:\/\/portfolio.kaualucio.com\/atlas-prime\/"},{"@type":"ListItem","position":2,"name":"Contato"}]},{"@type":"WebSite","@id":"https:\/\/portfolio.kaualucio.com\/atlas-prime\/#website","url":"https:\/\/portfolio.kaualucio.com\/atlas-prime\/","name":"Atlas Prime Imobili\u00e1ria | Compra, Venda e Aluguel de Im\u00f3veis","description":"A Atlas Prime Imobili\u00e1ria ajuda voc\u00ea a comprar, vender ou alugar im\u00f3veis com seguran\u00e7a, transpar\u00eancia e atendimento personalizado. Encontre o im\u00f3vel ideal!","publisher":{"@id":"https:\/\/portfolio.kaualucio.com\/atlas-prime\/#\/schema\/person\/16fa7a529b3ce2d22fd6d5a093fc7b41"},"alternateName":"Atlas Prime Imobili\u00e1ria","potentialAction":[{"@type":"SearchAction","target":{"@type":"EntryPoint","urlTemplate":"https:\/\/portfolio.kaualucio.com\/atlas-prime\/?s={search_term_string}"},"query-input":{"@type":"PropertyValueSpecification","valueRequired":true,"valueName":"search_term_string"}}],"inLanguage":"pt-BR"},{"@type":["Person","Organization"],"@id":"https:\/\/portfolio.kaualucio.com\/atlas-prime\/#\/schema\/person\/16fa7a529b3ce2d22fd6d5a093fc7b41","name":"Kau\u00e3 L\u00facio","image":{"@type":"ImageObject","inLanguage":"pt-BR","@id":"https:\/\/portfolio.kaualucio.com\/atlas-prime\/wp-content\/uploads\/2023\/08\/frame-35-modelo-wp.svg","url":"https:\/\/portfolio.kaualucio.com\/atlas-prime\/wp-content\/uploads\/2023\/08\/frame-35-modelo-wp.svg","contentUrl":"https:\/\/portfolio.kaualucio.com\/atlas-prime\/wp-content\/uploads\/2023\/08\/frame-35-modelo-wp.svg","width":218,"height":106,"caption":"Kau\u00e3 L\u00facio"},"logo":{"@id":"https:\/\/portfolio.kaualucio.com\/atlas-prime\/wp-content\/uploads\/2023\/08\/frame-35-modelo-wp.svg"},"sameAs":["https:\/\/portfolio.kaualucio.com\/atlas-prime"]}]}},"_links":{"self":[{"href":"https:\/\/portfolio.kaualucio.com\/atlas-prime\/wp-json\/wp\/v2\/pages\/1461","targetHints":{"allow":["GET"]}}],"collection":[{"href":"https:\/\/portfolio.kaualucio.com\/atlas-prime\/wp-json\/wp\/v2\/pages"}],"about":[{"href":"https:\/\/portfolio.kaualucio.com\/atlas-prime\/wp-json\/wp\/v2\/types\/page"}],"author":[{"embeddable":true,"href":"https:\/\/portfolio.kaualucio.com\/atlas-prime\/wp-json\/wp\/v2\/users\/1"}],"replies":[{"embeddable":true,"href":"https:\/\/portfolio.kaualucio.com\/atlas-prime\/wp-json\/wp\/v2\/comments?post=1461"}],"version-history":[{"count":3,"href":"https:\/\/portfolio.kaualucio.com\/atlas-prime\/wp-json\/wp\/v2\/pages\/1461\/revisions"}],"predecessor-version":[{"id":1656,"href":"https:\/\/portfolio.kaualucio.com\/atlas-prime\/wp-json\/wp\/v2\/pages\/1461\/revisions\/1656"}],"wp:attachment":[{"href":"https:\/\/portfolio.kaualucio.com\/atlas-prime\/wp-json\/wp\/v2\/media?parent=1461"}],"curies":[{"name":"wp","href":"https:\/\/api.w.org\/{rel}","templated":true}]}}